{"id":445,"date":"2024-06-14T06:23:13","date_gmt":"2024-06-14T06:23:13","guid":{"rendered":"https:\/\/dinivardesarrollos.com\/?page_id=445"},"modified":"2024-06-22T00:01:53","modified_gmt":"2024-06-22T00:01:53","slug":"villas-by-dinivar","status":"publish","type":"page","link":"https:\/\/dinivardesarrollos.com\/en\/villas-by-dinivar\/","title":{"rendered":"Villas By Dinivar"},"content":{"rendered":"<div data-elementor-type=\"wp-page\" data-elementor-id=\"445\" class=\"elementor elementor-445\" data-elementor-post-type=\"page\">\n\t\t\t\t<div class=\"elementor-element elementor-element-1ebcf041 e-flex e-con-boxed e-con e-parent\" data-id=\"1ebcf041\" data-element_type=\"container\" data-e-type=\"container\" data-settings=\"{&quot;background_background&quot;:&quot;classic&quot;}\">\n\t\t\t\t\t<div class=\"e-con-inner\">\n\t\t<div class=\"elementor-element elementor-element-7ed782e2 e-flex e-con-boxed elementor-invisible e-con e-child\" data-id=\"7ed782e2\" data-element_type=\"container\" data-e-type=\"container\" data-settings=\"{&quot;animation&quot;:&quot;fadeInUp&quot;}\">\n\t\t\t\t\t<div class=\"e-con-inner\">\n\t\t\t\t<div class=\"elementor-element elementor-element-2a354cad elementor-widget elementor-widget-heading\" data-id=\"2a354cad\" data-element_type=\"widget\" data-e-type=\"widget\" data-widget_type=\"heading.default\">\n\t\t\t\t<div class=\"elementor-widget-container\">\n\t\t\t\t\t<h2 class=\"elementor-heading-title elementor-size-default\">villas<\/h2>\t\t\t\t<\/div>\n\t\t\t\t<\/div>\n\t\t\t\t<div class=\"elementor-element elementor-element-19e2b9a4 elementor-widget elementor-widget-heading\" data-id=\"19e2b9a4\" data-element_type=\"widget\" data-e-type=\"widget\" data-widget_type=\"heading.default\">\n\t\t\t\t<div class=\"elementor-widget-container\">\n\t\t\t\t\t<h2 class=\"elementor-heading-title elementor-size-default\">BY DINIVAR<\/h2>\t\t\t\t<\/div>\n\t\t\t\t<\/div>\n\t\t\t\t<div class=\"elementor-element elementor-element-1a8b65fe elementor-widget elementor-widget-heading\" data-id=\"1a8b65fe\" data-element_type=\"widget\" data-e-type=\"widget\" data-widget_type=\"heading.default\">\n\t\t\t\t<div class=\"elementor-widget-container\">\n\t\t\t\t\t<h2 class=\"elementor-heading-title elementor-size-default\"><span style=\"letter-spacing: 0.1px\">These impressive villas offer spaces ranging from 400 to 600 square meters.<\/span> Each villa features a private pool, spacious bedrooms, a service room, a private spa for total relaxation, a dedicated yoga space, a sound therapy cabin, a jacuzzi, a barbecue area, and terraces that invite you to enjoy the tropical climate.<\/h2>\t\t\t\t<\/div>\n\t\t\t\t<\/div>\n\t\t\t\t\t<\/div>\n\t\t\t\t<\/div>\n\t\t\t\t\t<\/div>\n\t\t\t\t<\/div>\n\t\t<div class=\"elementor-element elementor-element-6fb28fa5 e-con-full parallax-container e-flex e-con e-parent\" data-id=\"6fb28fa5\" data-element_type=\"container\" data-e-type=\"container\" data-settings=\"{&quot;background_background&quot;:&quot;classic&quot;}\">\n\t\t\t\t<\/div>\n\t\t<div class=\"elementor-element elementor-element-45fb835 e-flex e-con-boxed elementor-invisible e-con e-parent\" data-id=\"45fb835\" data-element_type=\"container\" data-e-type=\"container\" data-settings=\"{&quot;background_background&quot;:&quot;classic&quot;,&quot;animation&quot;:&quot;fadeInUp&quot;}\">\n\t\t\t\t\t<div class=\"e-con-inner\">\n\t\t\t\t<div class=\"elementor-element elementor-element-2ab4a60c elementor-widget elementor-widget-heading\" data-id=\"2ab4a60c\" data-element_type=\"widget\" data-e-type=\"widget\" data-widget_type=\"heading.default\">\n\t\t\t\t<div class=\"elementor-widget-container\">\n\t\t\t\t\t<h2 class=\"elementor-heading-title elementor-size-default\">OUR<\/h2>\t\t\t\t<\/div>\n\t\t\t\t<\/div>\n\t\t\t\t<div class=\"elementor-element elementor-element-29da1aa6 elementor-widget elementor-widget-heading\" data-id=\"29da1aa6\" data-element_type=\"widget\" data-e-type=\"widget\" data-widget_type=\"heading.default\">\n\t\t\t\t<div class=\"elementor-widget-container\">\n\t\t\t\t\t<h2 class=\"elementor-heading-title elementor-size-default\">vision<\/h2>\t\t\t\t<\/div>\n\t\t\t\t<\/div>\n\t\t\t\t<div class=\"elementor-element elementor-element-35cdc891 elementor-invisible elementor-widget elementor-widget-image\" data-id=\"35cdc891\" data-element_type=\"widget\" data-e-type=\"widget\" data-settings=\"{&quot;_animation&quot;:&quot;fadeInUp&quot;}\" data-widget_type=\"image.default\">\n\t\t\t\t<div class=\"elementor-widget-container\">\n\t\t\t\t\t\t\t\t\t\t\t\t\t\t\t<img decoding=\"async\" width=\"358\" height=\"81\" src=\"https:\/\/dinivardesarrollos.com\/wp-content\/uploads\/2024\/06\/unidad-negocio@2x-e1718672119485.png\" class=\"attachment-large size-large wp-image-382\" alt=\"\" srcset=\"https:\/\/dinivardesarrollos.com\/wp-content\/uploads\/2024\/06\/unidad-negocio@2x-e1718672119485.png 358w, https:\/\/dinivardesarrollos.com\/wp-content\/uploads\/2024\/06\/unidad-negocio@2x-e1718672119485-300x68.png 300w\" sizes=\"(max-width: 358px) 100vw, 358px\" \/>\t\t\t\t\t\t\t\t\t\t\t\t\t\t\t<\/div>\n\t\t\t\t<\/div>\n\t\t\t\t\t<\/div>\n\t\t\t\t<\/div>\n\t\t<div class=\"elementor-element elementor-element-3909049c e-flex e-con-boxed e-con e-parent\" data-id=\"3909049c\" data-element_type=\"container\" data-e-type=\"container\" data-settings=\"{&quot;background_background&quot;:&quot;classic&quot;}\">\n\t\t\t\t\t<div class=\"e-con-inner\">\n\t\t<div class=\"elementor-element elementor-element-6fc650fc e-flex e-con-boxed elementor-invisible e-con e-child\" data-id=\"6fc650fc\" data-element_type=\"container\" data-e-type=\"container\" data-settings=\"{&quot;animation&quot;:&quot;fadeInUp&quot;}\">\n\t\t\t\t\t<div class=\"e-con-inner\">\n\t\t\t\t<div class=\"elementor-element elementor-element-1c1c1d18 elementor-widget elementor-widget-heading\" data-id=\"1c1c1d18\" data-element_type=\"widget\" data-e-type=\"widget\" data-widget_type=\"heading.default\">\n\t\t\t\t<div class=\"elementor-widget-container\">\n\t\t\t\t\t<h2 class=\"elementor-heading-title elementor-size-default\">Transforming living spaces into sanctuaries that radiate peace, balance, and joy, carefully adapting areas that promote a healthy and dynamic lifestyle. With a focus on well-being and improving the quality of life, we aspire to build more than just homes; we aim to create experiences that enrich the daily lives of our residents, positively contributing to their physical, emotional, and spiritual well-being.<\/h2>\t\t\t\t<\/div>\n\t\t\t\t<\/div>\n\t\t\t\t\t<\/div>\n\t\t\t\t<\/div>\n\t\t\t\t\t<\/div>\n\t\t\t\t<\/div>\n\t\t<div class=\"elementor-element elementor-element-34819d06 e-con-full e-flex elementor-invisible e-con e-parent\" data-id=\"34819d06\" data-element_type=\"container\" data-e-type=\"container\" data-settings=\"{&quot;background_background&quot;:&quot;classic&quot;,&quot;animation&quot;:&quot;fadeIn&quot;}\">\n\t\t<div class=\"elementor-element elementor-element-4f28b3e e-con-full e-flex e-con e-child\" data-id=\"4f28b3e\" data-element_type=\"container\" data-e-type=\"container\" data-settings=\"{&quot;background_background&quot;:&quot;classic&quot;}\">\n\t\t\t\t<\/div>\n\t\t<div class=\"elementor-element elementor-element-e485f19 e-con-full e-flex e-con e-child\" data-id=\"e485f19\" data-element_type=\"container\" data-e-type=\"container\" data-settings=\"{&quot;background_background&quot;:&quot;classic&quot;}\">\n\t\t\t\t<\/div>\n\t\t\t\t<\/div>\n\t\t<div class=\"elementor-element elementor-element-650f417f e-flex e-con-boxed e-con e-parent\" data-id=\"650f417f\" data-element_type=\"container\" data-e-type=\"container\" data-settings=\"{&quot;background_background&quot;:&quot;classic&quot;}\">\n\t\t\t\t\t<div class=\"e-con-inner\">\n\t\t<div class=\"elementor-element elementor-element-5db856c7 e-flex e-con-boxed elementor-invisible e-con e-child\" data-id=\"5db856c7\" data-element_type=\"container\" data-e-type=\"container\" data-settings=\"{&quot;animation&quot;:&quot;fadeInUp&quot;}\">\n\t\t\t\t\t<div class=\"e-con-inner\">\n\t\t\t\t<div class=\"elementor-element elementor-element-59142d4c elementor-widget elementor-widget-heading\" data-id=\"59142d4c\" data-element_type=\"widget\" data-e-type=\"widget\" data-widget_type=\"heading.default\">\n\t\t\t\t<div class=\"elementor-widget-container\">\n\t\t\t\t\t<h2 class=\"elementor-heading-title elementor-size-default\">The <b>VILLAS By DINIVAR<\/b> are delivered fully finished and equipped with luxury finishes, ensuring a sophisticated and comfortable environment from the moment of delivery.<\/h2>\t\t\t\t<\/div>\n\t\t\t\t<\/div>\n\t\t\t\t\t<\/div>\n\t\t\t\t<\/div>\n\t\t\t\t\t<\/div>\n\t\t\t\t<\/div>\n\t\t<div class=\"elementor-element elementor-element-72205b45 e-flex e-con-boxed e-con e-parent\" data-id=\"72205b45\" data-element_type=\"container\" data-e-type=\"container\" data-settings=\"{&quot;background_background&quot;:&quot;classic&quot;}\">\n\t\t\t\t\t<div class=\"e-con-inner\">\n\t\t<div class=\"elementor-element elementor-element-33a9f067 e-flex e-con-boxed elementor-invisible e-con e-child\" data-id=\"33a9f067\" data-element_type=\"container\" data-e-type=\"container\" data-settings=\"{&quot;animation&quot;:&quot;fadeInUp&quot;}\">\n\t\t\t\t\t<div class=\"e-con-inner\">\n\t\t<div class=\"elementor-element elementor-element-42ea8f0 e-grid e-con-full e-con e-child\" data-id=\"42ea8f0\" data-element_type=\"container\" data-e-type=\"container\">\n\t\t<div class=\"elementor-element elementor-element-16442f54 e-flex e-con-boxed e-con e-child\" data-id=\"16442f54\" data-element_type=\"container\" data-e-type=\"container\" data-settings=\"{&quot;background_background&quot;:&quot;classic&quot;}\">\n\t\t\t\t\t<div class=\"e-con-inner\">\n\t\t\t\t\t<\/div>\n\t\t\t\t<\/div>\n\t\t<div class=\"elementor-element elementor-element-331b34d e-flex e-con-boxed e-con e-child\" data-id=\"331b34d\" data-element_type=\"container\" data-e-type=\"container\" data-settings=\"{&quot;background_background&quot;:&quot;classic&quot;}\">\n\t\t\t\t\t<div class=\"e-con-inner\">\n\t\t\t\t<div class=\"elementor-element elementor-element-4edf6044 elementor-widget elementor-widget-image\" data-id=\"4edf6044\" data-element_type=\"widget\" data-e-type=\"widget\" data-widget_type=\"image.default\">\n\t\t\t\t<div class=\"elementor-widget-container\">\n\t\t\t\t\t\t\t\t\t\t\t\t\t\t\t<img fetchpriority=\"high\" decoding=\"async\" width=\"1260\" height=\"420\" src=\"https:\/\/dinivardesarrollos.com\/wp-content\/uploads\/2024\/06\/Logo-beige.png\" class=\"attachment-full size-full wp-image-168\" alt=\"\" srcset=\"https:\/\/dinivardesarrollos.com\/wp-content\/uploads\/2024\/06\/Logo-beige.png 1260w, https:\/\/dinivardesarrollos.com\/wp-content\/uploads\/2024\/06\/Logo-beige-600x200.png 600w, https:\/\/dinivardesarrollos.com\/wp-content\/uploads\/2024\/06\/Logo-beige-300x100.png 300w, https:\/\/dinivardesarrollos.com\/wp-content\/uploads\/2024\/06\/Logo-beige-1024x341.png 1024w, https:\/\/dinivardesarrollos.com\/wp-content\/uploads\/2024\/06\/Logo-beige-768x256.png 768w\" sizes=\"(max-width: 1260px) 100vw, 1260px\" \/>\t\t\t\t\t\t\t\t\t\t\t\t\t\t\t<\/div>\n\t\t\t\t<\/div>\n\t\t\t\t<div class=\"elementor-element elementor-element-24c68028 elementor-widget__width-inherit elementor-widget elementor-widget-text-editor\" data-id=\"24c68028\" data-element_type=\"widget\" data-e-type=\"widget\" data-widget_type=\"text-editor.default\">\n\t\t\t\t<div class=\"elementor-widget-container\">\n\t\t\t\t\t\t\t\t\t<p>We transform<\/p><p>living spaces<\/p><p>into sanctuaries that\u00a0<\/p><p>radiate peace, balance,<\/p><p>and joy.<\/p>\t\t\t\t\t\t\t\t<\/div>\n\t\t\t\t<\/div>\n\t\t<div class=\"elementor-element elementor-element-18de0a4f e-con-full e-flex e-con e-child\" data-id=\"18de0a4f\" data-element_type=\"container\" data-e-type=\"container\" data-settings=\"{&quot;background_background&quot;:&quot;classic&quot;}\">\n\t\t\t\t<\/div>\n\t\t\t\t\t<\/div>\n\t\t\t\t<\/div>\n\t\t\t\t<\/div>\n\t\t\t\t\t<\/div>\n\t\t\t\t<\/div>\n\t\t\t\t\t<\/div>\n\t\t\t\t<\/div>\n\t\t\t\t<\/div>","protected":false},"excerpt":{"rendered":"<p>villas BY DINIVAR Estas impresionantes villas ofrecen espacios que van de los 400 a 600 metros cuadrados. Cada villa cuenta con una alberca privada, espaciosas rec\u00e1maras, cuarto de servicio, un spa privado para relajaci\u00f3n total, un espacio dedicado para practicar yoga, cabina de sonidoterapia, jacuzzi, \u00e1rea de parrillero y terrazas que invitan a disfrutar del [&hellip;]<\/p>","protected":false},"author":1,"featured_media":0,"parent":0,"menu_order":0,"comment_status":"closed","ping_status":"closed","template":"","meta":{"_acf_changed":false,"om_disable_all_campaigns":false,"_monsterinsights_skip_tracking":false,"_monsterinsights_sitenote_active":false,"_monsterinsights_sitenote_note":"","_monsterinsights_sitenote_category":0,"footnotes":""},"class_list":["post-445","page","type-page","status-publish","hentry"],"acf":[],"aioseo_notices":[],"_links":{"self":[{"href":"https:\/\/dinivardesarrollos.com\/en\/wp-json\/wp\/v2\/pages\/445","targetHints":{"allow":["GET"]}}],"collection":[{"href":"https:\/\/dinivardesarrollos.com\/en\/wp-json\/wp\/v2\/pages"}],"about":[{"href":"https:\/\/dinivardesarrollos.com\/en\/wp-json\/wp\/v2\/types\/page"}],"author":[{"embeddable":true,"href":"https:\/\/dinivardesarrollos.com\/en\/wp-json\/wp\/v2\/users\/1"}],"replies":[{"embeddable":true,"href":"https:\/\/dinivardesarrollos.com\/en\/wp-json\/wp\/v2\/comments?post=445"}],"version-history":[{"count":45,"href":"https:\/\/dinivardesarrollos.com\/en\/wp-json\/wp\/v2\/pages\/445\/revisions"}],"predecessor-version":[{"id":1108,"href":"https:\/\/dinivardesarrollos.com\/en\/wp-json\/wp\/v2\/pages\/445\/revisions\/1108"}],"wp:attachment":[{"href":"https:\/\/dinivardesarrollos.com\/en\/wp-json\/wp\/v2\/media?parent=445"}],"curies":[{"name":"wp","href":"https:\/\/api.w.org\/{rel}","templated":true}]}}