{"id":82,"date":"2024-06-12T02:28:52","date_gmt":"2024-06-12T02:28:52","guid":{"rendered":"https:\/\/dinivardesarrollos.com\/about-us\/"},"modified":"2024-06-20T20:22:26","modified_gmt":"2024-06-20T20:22:26","slug":"quienes-somos","status":"publish","type":"page","link":"https:\/\/dinivardesarrollos.com\/en\/quienes-somos\/","title":{"rendered":"Quienes Somos"},"content":{"rendered":"<div data-elementor-type=\"wp-page\" data-elementor-id=\"82\" class=\"elementor elementor-82\" data-elementor-post-type=\"page\">\n\t\t\t\t<div class=\"elementor-element elementor-element-7944f2f9 e-flex e-con-boxed e-con e-parent\" data-id=\"7944f2f9\" data-element_type=\"container\" data-e-type=\"container\" data-settings=\"{&quot;background_background&quot;:&quot;classic&quot;}\">\n\t\t\t\t\t<div class=\"e-con-inner\">\n\t\t<div class=\"elementor-element elementor-element-70431f98 e-flex e-con-boxed e-con e-child\" data-id=\"70431f98\" data-element_type=\"container\" data-e-type=\"container\">\n\t\t\t\t\t<div class=\"e-con-inner\">\n\t\t\t\t<div class=\"elementor-element elementor-element-8e304b4 elementor-widget elementor-widget-image\" data-id=\"8e304b4\" data-element_type=\"widget\" data-e-type=\"widget\" data-widget_type=\"image.default\">\n\t\t\t\t<div class=\"elementor-widget-container\">\n\t\t\t\t\t\t\t\t\t\t\t\t\t\t\t<img fetchpriority=\"high\" decoding=\"async\" width=\"1260\" height=\"420\" src=\"https:\/\/dinivardesarrollos.com\/wp-content\/uploads\/2024\/06\/Logo-azul-1.png\" class=\"attachment-full size-full wp-image-814\" alt=\"\" srcset=\"https:\/\/dinivardesarrollos.com\/wp-content\/uploads\/2024\/06\/Logo-azul-1.png 1260w, https:\/\/dinivardesarrollos.com\/wp-content\/uploads\/2024\/06\/Logo-azul-1-300x100.png 300w, https:\/\/dinivardesarrollos.com\/wp-content\/uploads\/2024\/06\/Logo-azul-1-1024x341.png 1024w, https:\/\/dinivardesarrollos.com\/wp-content\/uploads\/2024\/06\/Logo-azul-1-768x256.png 768w\" sizes=\"(max-width: 1260px) 100vw, 1260px\" \/>\t\t\t\t\t\t\t\t\t\t\t\t\t\t\t<\/div>\n\t\t\t\t<\/div>\n\t\t\t\t<div class=\"elementor-element elementor-element-181c75cb elementor-widget elementor-widget-heading\" data-id=\"181c75cb\" data-element_type=\"widget\" data-e-type=\"widget\" data-widget_type=\"heading.default\">\n\t\t\t\t<div class=\"elementor-widget-container\">\n\t\t\t\t\t<h2 class=\"elementor-heading-title elementor-size-default\"><span style=\"letter-spacing: 0.1px\">We are a<\/span><span style=\"letter-spacing: 0.1px\">&nbsp;<\/span><span style=\"letter-spacing: 0.1px;font-weight: bolder\">boutique developer<\/span><span style=\"letter-spacing: 0.1px\">&nbsp;<\/span><span style=\"letter-spacing: 0.1px\">que&nbsp;<\/span>Aqu\u00ed tienes la mejor traducci\u00f3n del texto:\n\nWe specialize in creating custom-designed villas that cater to the unique preferences and needs of our clients. We are dedicated to turning dreams into reality by building tailor-made villas that reflect the Caribbean lifestyle and meet the highest standards of quality.<\/h2>\t\t\t\t<\/div>\n\t\t\t\t<\/div>\n\t\t\t\t<div class=\"elementor-element elementor-element-8306167 elementor-widget elementor-widget-heading\" data-id=\"8306167\" data-element_type=\"widget\" data-e-type=\"widget\" data-widget_type=\"heading.default\">\n\t\t\t\t<div class=\"elementor-widget-container\">\n\t\t\t\t\t<h2 class=\"elementor-heading-title elementor-size-default\">Our founders have over a decade of experience in creating and constructing real estate products in the idyllic Mexican Caribbean.<\/h2>\t\t\t\t<\/div>\n\t\t\t\t<\/div>\n\t\t\t\t\t<\/div>\n\t\t\t\t<\/div>\n\t\t\t\t\t<\/div>\n\t\t\t\t<\/div>\n\t\t<div class=\"elementor-element elementor-element-780c8bf6 e-flex e-con-boxed elementor-invisible e-con e-parent\" data-id=\"780c8bf6\" data-element_type=\"container\" data-e-type=\"container\" data-settings=\"{&quot;background_background&quot;:&quot;classic&quot;,&quot;animation&quot;:&quot;fadeInUp&quot;}\">\n\t\t\t\t\t<div class=\"e-con-inner\">\n\t\t<div class=\"elementor-element elementor-element-1d4cdcf e-flex e-con-boxed e-con e-child\" data-id=\"1d4cdcf\" data-element_type=\"container\" data-e-type=\"container\">\n\t\t\t\t\t<div class=\"e-con-inner\">\n\t\t<div class=\"elementor-element elementor-element-714987ef e-grid e-con-full e-con e-child\" data-id=\"714987ef\" data-element_type=\"container\" data-e-type=\"container\">\n\t\t<div class=\"elementor-element elementor-element-1f0d474d e-flex e-con-boxed e-con e-child\" data-id=\"1f0d474d\" data-element_type=\"container\" data-e-type=\"container\" data-settings=\"{&quot;background_background&quot;:&quot;classic&quot;}\">\n\t\t\t\t\t<div class=\"e-con-inner\">\n\t\t\t\t\t<\/div>\n\t\t\t\t<\/div>\n\t\t<div class=\"elementor-element elementor-element-2ff7f68 e-flex e-con-boxed e-con e-child\" data-id=\"2ff7f68\" data-element_type=\"container\" data-e-type=\"container\" data-settings=\"{&quot;background_background&quot;:&quot;classic&quot;}\">\n\t\t\t\t\t<div class=\"e-con-inner\">\n\t\t\t\t\t<\/div>\n\t\t\t\t<\/div>\n\t\t<div class=\"elementor-element elementor-element-9676c9f e-flex e-con-boxed e-con e-child\" data-id=\"9676c9f\" data-element_type=\"container\" data-e-type=\"container\" data-settings=\"{&quot;background_background&quot;:&quot;classic&quot;}\">\n\t\t\t\t\t<div class=\"e-con-inner\">\n\t\t\t\t\t<\/div>\n\t\t\t\t<\/div>\n\t\t\t\t<\/div>\n\t\t\t\t\t<\/div>\n\t\t\t\t<\/div>\n\t\t\t\t\t<\/div>\n\t\t\t\t<\/div>\n\t\t<div class=\"elementor-element elementor-element-27a9b448 e-flex e-con-boxed elementor-invisible e-con e-parent\" data-id=\"27a9b448\" data-element_type=\"container\" data-e-type=\"container\" data-settings=\"{&quot;background_background&quot;:&quot;classic&quot;,&quot;animation&quot;:&quot;fadeInUp&quot;}\">\n\t\t\t\t\t<div class=\"e-con-inner\">\n\t\t<div class=\"elementor-element elementor-element-7cf206d2 e-flex e-con-boxed e-con e-child\" data-id=\"7cf206d2\" data-element_type=\"container\" data-e-type=\"container\">\n\t\t\t\t\t<div class=\"e-con-inner\">\n\t\t\t\t<div class=\"elementor-element elementor-element-41a1804 elementor-widget elementor-widget-heading\" data-id=\"41a1804\" data-element_type=\"widget\" data-e-type=\"widget\" data-widget_type=\"heading.default\">\n\t\t\t\t<div class=\"elementor-widget-container\">\n\t\t\t\t\t<h2 class=\"elementor-heading-title elementor-size-default\">Synonymous with excellence, quality, and exclusivity. With relentless dedication, we have paved a path of innovation and perfection in the real estate market. In recent years, we have focused on an especially exciting mission: the construction of luxury villas in the prestigious Playa del Carmen area.<\/h2>\t\t\t\t<\/div>\n\t\t\t\t<\/div>\n\t\t\t\t<div class=\"elementor-element elementor-element-191df77 elementor-widget elementor-widget-heading\" data-id=\"191df77\" data-element_type=\"widget\" data-e-type=\"widget\" data-widget_type=\"heading.default\">\n\t\t\t\t<div class=\"elementor-widget-container\">\n\t\t\t\t\t<h2 class=\"elementor-heading-title elementor-size-default\">OUR<\/h2>\t\t\t\t<\/div>\n\t\t\t\t<\/div>\n\t\t\t\t<div class=\"elementor-element elementor-element-ad7ebf0 elementor-widget elementor-widget-heading\" data-id=\"ad7ebf0\" data-element_type=\"widget\" data-e-type=\"widget\" data-widget_type=\"heading.default\">\n\t\t\t\t<div class=\"elementor-widget-container\">\n\t\t\t\t\t<h2 class=\"elementor-heading-title elementor-size-default\">philosophy<\/h2>\t\t\t\t<\/div>\n\t\t\t\t<\/div>\n\t\t\t\t<div class=\"elementor-element elementor-element-23df39c elementor-invisible elementor-widget elementor-widget-image\" data-id=\"23df39c\" data-element_type=\"widget\" data-e-type=\"widget\" data-settings=\"{&quot;_animation&quot;:&quot;fadeInUp&quot;}\" data-widget_type=\"image.default\">\n\t\t\t\t<div class=\"elementor-widget-container\">\n\t\t\t\t\t\t\t\t\t\t\t\t\t\t\t<img decoding=\"async\" width=\"358\" height=\"81\" src=\"https:\/\/dinivardesarrollos.com\/wp-content\/uploads\/2024\/06\/unidad-negocio@2x-e1718672119485.png\" class=\"attachment-full size-full wp-image-382\" alt=\"\" srcset=\"https:\/\/dinivardesarrollos.com\/wp-content\/uploads\/2024\/06\/unidad-negocio@2x-e1718672119485.png 358w, https:\/\/dinivardesarrollos.com\/wp-content\/uploads\/2024\/06\/unidad-negocio@2x-e1718672119485-300x68.png 300w\" sizes=\"(max-width: 358px) 100vw, 358px\" \/>\t\t\t\t\t\t\t\t\t\t\t\t\t\t\t<\/div>\n\t\t\t\t<\/div>\n\t\t\t\t<div class=\"elementor-element elementor-element-8dc15b6 elementor-widget elementor-widget-heading\" data-id=\"8dc15b6\" data-element_type=\"widget\" data-e-type=\"widget\" data-widget_type=\"heading.default\">\n\t\t\t\t<div class=\"elementor-widget-container\">\n\t\t\t\t\t<h2 class=\"elementor-heading-title elementor-size-default\">At Dinivar, we understand that luxury goes beyond superficial opulence; it\u2019s about a life experience that transcends the ordinary. That\u2019s why each villa we build is unique in its conception and character, yet they all share a fundamental premise: an unwavering commitment to offering an unparalleled lifestyle to our investors.<\/h2>\t\t\t\t<\/div>\n\t\t\t\t<\/div>\n\t\t\t\t\t<\/div>\n\t\t\t\t<\/div>\n\t\t\t\t\t<\/div>\n\t\t\t\t<\/div>\n\t\t<div class=\"elementor-element elementor-element-6ca315cd e-con-full parallax-container e-flex e-con e-parent\" data-id=\"6ca315cd\" data-element_type=\"container\" data-e-type=\"container\" data-settings=\"{&quot;background_background&quot;:&quot;classic&quot;}\">\n\t\t\t\t<\/div>\n\t\t\t\t<\/div>","protected":false},"excerpt":{"rendered":"<p>Somos una&nbsp;desarrolladora boutique&nbsp;que&nbsp;nos especializamos en crear villas con dise\u00f1os personalizados que se adaptan a las preferencias y necesidades \u00fanicas de nuestros clientes. Nos dedicamos a convertir los sue\u00f1os en realidad, construyendo villas a medida que reflejan el estilo de vida caribe\u00f1o y cumplen con los m\u00e1s altos est\u00e1ndares de calidad. Nuestros fundadores cuentan con m\u00e1s [&hellip;]<\/p>","protected":false},"author":1,"featured_media":88,"parent":0,"menu_order":0,"comment_status":"closed","ping_status":"closed","template":"elementor_header_footer","meta":{"_acf_changed":false,"om_disable_all_campaigns":false,"_monsterinsights_skip_tracking":false,"_monsterinsights_sitenote_active":false,"_monsterinsights_sitenote_note":"","_monsterinsights_sitenote_category":0,"footnotes":""},"class_list":["post-82","page","type-page","status-publish","has-post-thumbnail","hentry"],"acf":[],"aioseo_notices":[],"_links":{"self":[{"href":"https:\/\/dinivardesarrollos.com\/en\/wp-json\/wp\/v2\/pages\/82","targetHints":{"allow":["GET"]}}],"collection":[{"href":"https:\/\/dinivardesarrollos.com\/en\/wp-json\/wp\/v2\/pages"}],"about":[{"href":"https:\/\/dinivardesarrollos.com\/en\/wp-json\/wp\/v2\/types\/page"}],"author":[{"embeddable":true,"href":"https:\/\/dinivardesarrollos.com\/en\/wp-json\/wp\/v2\/users\/1"}],"replies":[{"embeddable":true,"href":"https:\/\/dinivardesarrollos.com\/en\/wp-json\/wp\/v2\/comments?post=82"}],"version-history":[{"count":38,"href":"https:\/\/dinivardesarrollos.com\/en\/wp-json\/wp\/v2\/pages\/82\/revisions"}],"predecessor-version":[{"id":1064,"href":"https:\/\/dinivardesarrollos.com\/en\/wp-json\/wp\/v2\/pages\/82\/revisions\/1064"}],"wp:featuredmedia":[{"embeddable":true,"href":"https:\/\/dinivardesarrollos.com\/en\/wp-json\/wp\/v2\/media\/88"}],"wp:attachment":[{"href":"https:\/\/dinivardesarrollos.com\/en\/wp-json\/wp\/v2\/media?parent=82"}],"curies":[{"name":"wp","href":"https:\/\/api.w.org\/{rel}","templated":true}]}}